{"id":999,"date":"2023-02-01T00:56:04","date_gmt":"2023-02-01T00:56:04","guid":{"rendered":"https:\/\/lactaclan.com\/?page_id=999"},"modified":"2023-02-01T01:44:19","modified_gmt":"2023-02-01T01:44:19","slug":"podcast","status":"publish","type":"page","link":"https:\/\/lactaclan.com\/index.php\/podcast\/","title":{"rendered":"podcast"},"content":{"rendered":"\n<p class=\"has-ast-global-color-8-color has-text-color\"><strong>El Podcast Lactaclan:<\/strong> Lactancia y Maternidad, ha sido creado para las mujeres que son madres. Encontrar\u00e1s informaci\u00f3n sobre lactancia y una mirada diferente sobre los retos de la maternidad real, sin romantizarla, sin censuras y sin tab\u00faes. Si est\u00e1s embarazada, eres madre o planeas serlo, definitivamente este podcast es para ti.\u00a0<\/p>\n\n\n\n<h6>Pura Teta <i class=\"fas fa-heart\"><\/i>&nbsp;Pura Vida &nbsp;<i class=\"fas fa-heart\"><\/i>&nbsp; Puro Amor<\/h6>\n\n\n\n<iframe style=\"border-radius:12px\" src=\"https:\/\/open.spotify.com\/embed\/show\/4asBoYRZ4klWWt1jx7Ps5J?utm_source=generator\" width=\"100%\" height=\"352\" frameborder=\"0\" allowfullscreen=\"\" allow=\"autoplay; clipboard-write; encrypted-media; fullscreen; picture-in-picture\" loading=\"lazy\"><\/iframe>\n","protected":false},"excerpt":{"rendered":"<p>El Podcast Lactaclan: Lactancia y Maternidad, ha sido creado para las mujeres que son madres. Encontrar\u00e1s informaci\u00f3n sobre lactancia y una mirada diferente sobre los retos de la maternidad real, sin romantizarla, sin censuras y sin tab\u00faes. Si est\u00e1s embarazada, eres madre o planeas serlo, definitivamente este podcast es para ti.\u00a0 Pura Teta &nbsp;Pura Vida &hellip;<\/p>\n<p class=\"read-more\"> <a class=\"\" href=\"https:\/\/lactaclan.com\/index.php\/podcast\/\"> <span class=\"screen-reader-text\">podcast<\/span> Leer m\u00e1s \u00bb<\/a><\/p>\n","protected":false},"author":1,"featured_media":0,"parent":0,"menu_order":0,"comment_status":"closed","ping_status":"closed","template":"","meta":{"inline_featured_image":false,"site-sidebar-layout":"default","site-content-layout":"default","ast-global-header-display":"","ast-main-header-display":"","ast-hfb-above-header-display":"","ast-hfb-below-header-display":"","ast-hfb-mobile-header-display":"","site-post-title":"disabled","ast-breadcrumbs-content":"","ast-featured-img":"","footer-sml-layout":"","theme-transparent-header-meta":"","adv-header-id-meta":"","stick-header-meta":"","header-above-stick-meta":"","header-main-stick-meta":"","header-below-stick-meta":"","two_page_speed":[]},"yoast_head":"<!-- This site is optimized with the Yoast SEO plugin v19.14 - https:\/\/yoast.com\/wordpress\/plugins\/seo\/ -->\n<title>podcast -<\/title>\n<meta name=\"robots\" content=\"index, follow, max-snippet:-1, max-image-preview:large, max-video-preview:-1\" \/>\n<link rel=\"canonical\" href=\"https:\/\/lactaclan.com\/index.php\/podcast\/\" \/>\n<meta property=\"og:locale\" content=\"es_ES\" \/>\n<meta property=\"og:type\" content=\"article\" \/>\n<meta property=\"og:title\" content=\"podcast -\" \/>\n<meta property=\"og:description\" content=\"El Podcast Lactaclan: Lactancia y Maternidad, ha sido creado para las mujeres que son madres. Encontrar\u00e1s informaci\u00f3n sobre lactancia y una mirada diferente sobre los retos de la maternidad real, sin romantizarla, sin censuras y sin tab\u00faes. Si est\u00e1s embarazada, eres madre o planeas serlo, definitivamente este podcast es para ti.\u00a0 Pura Teta &nbsp;Pura Vida &hellip; podcast Leer m\u00e1s \u00bb\" \/>\n<meta property=\"og:url\" content=\"https:\/\/lactaclan.com\/index.php\/podcast\/\" \/>\n<meta property=\"article:modified_time\" content=\"2023-02-01T01:44:19+00:00\" \/>\n<meta name=\"twitter:card\" content=\"summary_large_image\" \/>\n<meta name=\"twitter:label1\" content=\"Est. reading time\" \/>\n\t<meta name=\"twitter:data1\" content=\"1 minuto\" \/>\n<script type=\"application\/ld+json\" class=\"yoast-schema-graph\">{\"@context\":\"https:\/\/schema.org\",\"@graph\":[{\"@type\":\"WebPage\",\"@id\":\"https:\/\/lactaclan.com\/index.php\/podcast\/\",\"url\":\"https:\/\/lactaclan.com\/index.php\/podcast\/\",\"name\":\"podcast -\",\"isPartOf\":{\"@id\":\"https:\/\/lactaclan.com\/#website\"},\"datePublished\":\"2023-02-01T00:56:04+00:00\",\"dateModified\":\"2023-02-01T01:44:19+00:00\",\"breadcrumb\":{\"@id\":\"https:\/\/lactaclan.com\/index.php\/podcast\/#breadcrumb\"},\"inLanguage\":\"es-CR\",\"potentialAction\":[{\"@type\":\"ReadAction\",\"target\":[\"https:\/\/lactaclan.com\/index.php\/podcast\/\"]}]},{\"@type\":\"BreadcrumbList\",\"@id\":\"https:\/\/lactaclan.com\/index.php\/podcast\/#breadcrumb\",\"itemListElement\":[{\"@type\":\"ListItem\",\"position\":1,\"name\":\"Inicio\",\"item\":\"https:\/\/lactaclan.com\/\"},{\"@type\":\"ListItem\",\"position\":2,\"name\":\"podcast\"}]},{\"@type\":\"WebSite\",\"@id\":\"https:\/\/lactaclan.com\/#website\",\"url\":\"https:\/\/lactaclan.com\/\",\"name\":\"\",\"description\":\"\",\"potentialAction\":[{\"@type\":\"SearchAction\",\"target\":{\"@type\":\"EntryPoint\",\"urlTemplate\":\"https:\/\/lactaclan.com\/?s={search_term_string}\"},\"query-input\":\"required name=search_term_string\"}],\"inLanguage\":\"es-CR\"}]}<\/script>\n<!-- \/ Yoast SEO plugin. -->","yoast_head_json":{"title":"podcast -","robots":{"index":"index","follow":"follow","max-snippet":"max-snippet:-1","max-image-preview":"max-image-preview:large","max-video-preview":"max-video-preview:-1"},"canonical":"https:\/\/lactaclan.com\/index.php\/podcast\/","og_locale":"es_ES","og_type":"article","og_title":"podcast -","og_description":"El Podcast Lactaclan: Lactancia y Maternidad, ha sido creado para las mujeres que son madres. Encontrar\u00e1s informaci\u00f3n sobre lactancia y una mirada diferente sobre los retos de la maternidad real, sin romantizarla, sin censuras y sin tab\u00faes. Si est\u00e1s embarazada, eres madre o planeas serlo, definitivamente este podcast es para ti.\u00a0 Pura Teta &nbsp;Pura Vida &hellip; podcast Leer m\u00e1s \u00bb","og_url":"https:\/\/lactaclan.com\/index.php\/podcast\/","article_modified_time":"2023-02-01T01:44:19+00:00","twitter_card":"summary_large_image","twitter_misc":{"Est. reading time":"1 minuto"},"schema":{"@context":"https:\/\/schema.org","@graph":[{"@type":"WebPage","@id":"https:\/\/lactaclan.com\/index.php\/podcast\/","url":"https:\/\/lactaclan.com\/index.php\/podcast\/","name":"podcast -","isPartOf":{"@id":"https:\/\/lactaclan.com\/#website"},"datePublished":"2023-02-01T00:56:04+00:00","dateModified":"2023-02-01T01:44:19+00:00","breadcrumb":{"@id":"https:\/\/lactaclan.com\/index.php\/podcast\/#breadcrumb"},"inLanguage":"es-CR","potentialAction":[{"@type":"ReadAction","target":["https:\/\/lactaclan.com\/index.php\/podcast\/"]}]},{"@type":"BreadcrumbList","@id":"https:\/\/lactaclan.com\/index.php\/podcast\/#breadcrumb","itemListElement":[{"@type":"ListItem","position":1,"name":"Inicio","item":"https:\/\/lactaclan.com\/"},{"@type":"ListItem","position":2,"name":"podcast"}]},{"@type":"WebSite","@id":"https:\/\/lactaclan.com\/#website","url":"https:\/\/lactaclan.com\/","name":"","description":"","potentialAction":[{"@type":"SearchAction","target":{"@type":"EntryPoint","urlTemplate":"https:\/\/lactaclan.com\/?s={search_term_string}"},"query-input":"required name=search_term_string"}],"inLanguage":"es-CR"}]}},"_links":{"self":[{"href":"https:\/\/lactaclan.com\/index.php\/wp-json\/wp\/v2\/pages\/999"}],"collection":[{"href":"https:\/\/lactaclan.com\/index.php\/wp-json\/wp\/v2\/pages"}],"about":[{"href":"https:\/\/lactaclan.com\/index.php\/wp-json\/wp\/v2\/types\/page"}],"author":[{"embeddable":true,"href":"https:\/\/lactaclan.com\/index.php\/wp-json\/wp\/v2\/users\/1"}],"replies":[{"embeddable":true,"href":"https:\/\/lactaclan.com\/index.php\/wp-json\/wp\/v2\/comments?post=999"}],"version-history":[{"count":14,"href":"https:\/\/lactaclan.com\/index.php\/wp-json\/wp\/v2\/pages\/999\/revisions"}],"predecessor-version":[{"id":1057,"href":"https:\/\/lactaclan.com\/index.php\/wp-json\/wp\/v2\/pages\/999\/revisions\/1057"}],"wp:attachment":[{"href":"https:\/\/lactaclan.com\/index.php\/wp-json\/wp\/v2\/media?parent=999"}],"curies":[{"name":"wp","href":"https:\/\/api.w.org\/{rel}","templated":true}]}}